{"id":4285,"date":"2021-06-17T22:34:14","date_gmt":"2021-06-18T02:34:14","guid":{"rendered":"https:\/\/rent-sell.cl\/?page_id=4285"},"modified":"2024-12-21T18:40:29","modified_gmt":"2024-12-21T21:40:29","slug":"quienes-somos","status":"publish","type":"page","link":"https:\/\/rent-sell.cl\/en\/quienes-somos\/","title":{"rendered":"Quienes Somos"},"content":{"rendered":"<div data-elementor-type=\"wp-page\" data-elementor-id=\"4285\" class=\"elementor elementor-4285\" data-elementor-post-type=\"page\">\n\t\t\t\t\t\t<section class=\"elementor-section elementor-top-section elementor-element elementor-element-603efde elementor-section-boxed elementor-section-height-default elementor-section-height-default\" data-id=\"603efde\" data-element_type=\"section\" data-e-type=\"section\">\n\t\t\t\t\t\t<div class=\"elementor-container elementor-column-gap-default\">\n\t\t\t\t\t<div class=\"elementor-column elementor-col-100 elementor-top-column elementor-element elementor-element-2b10d78\" data-id=\"2b10d78\" data-element_type=\"column\" data-e-type=\"column\">\n\t\t\t<div class=\"elementor-widget-wrap elementor-element-populated\">\n\t\t\t\t\t\t<div class=\"elementor-element elementor-element-573737a elementor-widget elementor-widget-spacer\" data-id=\"573737a\" data-element_type=\"widget\" data-e-type=\"widget\" data-widget_type=\"spacer.default\">\n\t\t\t\t<div class=\"elementor-widget-container\">\n\t\t\t\t\t\t\t<div class=\"elementor-spacer\">\n\t\t\t<div class=\"elementor-spacer-inner\"><\/div>\n\t\t<\/div>\n\t\t\t\t\t\t<\/div>\n\t\t\t\t<\/div>\n\t\t\t\t\t<\/div>\n\t\t<\/div>\n\t\t\t\t\t<\/div>\n\t\t<\/section>\n\t\t\t\t<section class=\"elementor-section elementor-top-section elementor-element elementor-element-d9df9e0 elementor-section-boxed elementor-section-height-default elementor-section-height-default\" data-id=\"d9df9e0\" data-element_type=\"section\" data-e-type=\"section\">\n\t\t\t\t\t\t<div class=\"elementor-container elementor-column-gap-default\">\n\t\t\t\t\t<div class=\"elementor-column elementor-col-50 elementor-top-column elementor-element elementor-element-776c822\" data-id=\"776c822\" data-element_type=\"column\" data-e-type=\"column\">\n\t\t\t<div class=\"elementor-widget-wrap elementor-element-populated\">\n\t\t\t\t\t\t<div class=\"elementor-element elementor-element-47ada16 elementor-widget elementor-widget-heading\" data-id=\"47ada16\" data-element_type=\"widget\" data-e-type=\"widget\" data-widget_type=\"heading.default\">\n\t\t\t\t<div class=\"elementor-widget-container\">\n\t\t\t\t\t<h1 class=\"elementor-heading-title elementor-size-default\">Quienes Somos<\/h1>\t\t\t\t<\/div>\n\t\t\t\t<\/div>\n\t\t\t\t\t<\/div>\n\t\t<\/div>\n\t\t\t\t<div class=\"elementor-column elementor-col-50 elementor-top-column elementor-element elementor-element-75e0bf7\" data-id=\"75e0bf7\" data-element_type=\"column\" data-e-type=\"column\">\n\t\t\t<div class=\"elementor-widget-wrap\">\n\t\t\t\t\t\t\t<\/div>\n\t\t<\/div>\n\t\t\t\t\t<\/div>\n\t\t<\/section>\n\t\t\t\t<section class=\"elementor-section elementor-top-section elementor-element elementor-element-8d4c4ac elementor-section-boxed elementor-section-height-default elementor-section-height-default\" data-id=\"8d4c4ac\" data-element_type=\"section\" data-e-type=\"section\">\n\t\t\t\t\t\t<div class=\"elementor-container elementor-column-gap-default\">\n\t\t\t\t\t<div class=\"elementor-column elementor-col-100 elementor-top-column elementor-element elementor-element-5bb2258\" data-id=\"5bb2258\" data-element_type=\"column\" data-e-type=\"column\" data-settings=\"{&quot;background_background&quot;:&quot;classic&quot;}\">\n\t\t\t<div class=\"elementor-widget-wrap elementor-element-populated\">\n\t\t\t\t\t\t<section class=\"elementor-section elementor-inner-section elementor-element elementor-element-acd8497 elementor-section-boxed elementor-section-height-default elementor-section-height-default\" data-id=\"acd8497\" data-element_type=\"section\" data-e-type=\"section\">\n\t\t\t\t\t\t<div class=\"elementor-container elementor-column-gap-default\">\n\t\t\t\t\t<div class=\"elementor-column elementor-col-50 elementor-inner-column elementor-element elementor-element-155ff98\" data-id=\"155ff98\" data-element_type=\"column\" data-e-type=\"column\">\n\t\t\t<div class=\"elementor-widget-wrap elementor-element-populated\">\n\t\t\t\t\t\t<div class=\"elementor-element elementor-element-b80d225 elementor-widget elementor-widget-image\" data-id=\"b80d225\" data-element_type=\"widget\" data-e-type=\"widget\" data-widget_type=\"image.default\">\n\t\t\t\t<div class=\"elementor-widget-container\">\n\t\t\t\t\t\t\t\t\t\t\t\t\t\t\t<img decoding=\"async\" src=\"https:\/\/rent-sell.cl\/wp-content\/plugins\/elementor\/assets\/images\/placeholder.png\" title=\"\" alt=\"\" loading=\"lazy\" \/>\t\t\t\t\t\t\t\t\t\t\t\t\t\t\t<\/div>\n\t\t\t\t<\/div>\n\t\t\t\t\t<\/div>\n\t\t<\/div>\n\t\t\t\t<div class=\"elementor-column elementor-col-50 elementor-inner-column elementor-element elementor-element-93ae5b9\" data-id=\"93ae5b9\" data-element_type=\"column\" data-e-type=\"column\">\n\t\t\t<div class=\"elementor-widget-wrap elementor-element-populated\">\n\t\t\t\t\t\t<div class=\"elementor-element elementor-element-2bf7b8f elementor-widget elementor-widget-text-editor\" data-id=\"2bf7b8f\" data-element_type=\"widget\" data-e-type=\"widget\" data-widget_type=\"text-editor.default\">\n\t\t\t\t<div class=\"elementor-widget-container\">\n\t\t\t\t\t\t\t\t\t<h2><strong>Rent-Sell<\/strong><\/h2>\n<div class=\"textwidget\">\n\nFernando Rojas C, presente en el mercado desde 1989 prestando servicios en el rubro de la construcci\u00f3n, a trav\u00e9s de FERCCO Construcciones y en la gesti\u00f3n inmobiliaria por medio de RENT-SELL Propiedades, se ha especializado en dar soluci\u00f3n personalizada, oportuna y satisfactoria a los requerimientos de sus clientes, tanto personas como empresas, en Santiago y regiones.\n\nEn el \u00e1rea de la construcci\u00f3n, FERCCO puede ofrecer una amplia experiencia tanto en construcci\u00f3n como en remodelaciones. Nuestra especialidad, es la remodelaci\u00f3n de oficinas, restaurantes, casas y departamentos del sector Oriente de la capital.\n\nEn la Gesti\u00f3n Inmobiliaria, RENT-SELL propiedades, ha intermediado en gran cantidad de arriendos y compraventas de distintos tipos y valores.\n\n<\/div>\t\t\t\t\t\t\t\t<\/div>\n\t\t\t\t<\/div>\n\t\t\t\t\t<\/div>\n\t\t<\/div>\n\t\t\t\t\t<\/div>\n\t\t<\/section>\n\t\t\t\t<div class=\"elementor-element elementor-element-ae3cb4b elementor-widget elementor-widget-text-editor\" data-id=\"ae3cb4b\" data-element_type=\"widget\" data-e-type=\"widget\" data-widget_type=\"text-editor.default\">\n\t\t\t\t<div class=\"elementor-widget-container\">\n\t\t\t\t\t\t\t\t\t<div class=\"textwidget\"> Fernando Rojas C. decided to start this project with the strong conviction that there are many opportunities to improve service in the real estate industry supported by more than 25 years in the construction market. RENT-SELL is created to cover today\u2019s needs and opportunities, with a clear and renewed idea of how to do things, while maintaining respect for the agreements adapting to modern times.<\/div>\t\t\t\t\t\t\t\t<\/div>\n\t\t\t\t<\/div>\n\t\t\t\t<div class=\"elementor-element elementor-element-20e1f68 elementor-widget elementor-widget-heading\" data-id=\"20e1f68\" data-element_type=\"widget\" data-e-type=\"widget\" data-widget_type=\"heading.default\">\n\t\t\t\t<div class=\"elementor-widget-container\">\n\t\t\t\t\t<h2 class=\"elementor-heading-title elementor-size-default\">Vision<\/h2>\t\t\t\t<\/div>\n\t\t\t\t<\/div>\n\t\t\t\t<div class=\"elementor-element elementor-element-44c28ac elementor-widget elementor-widget-text-editor\" data-id=\"44c28ac\" data-element_type=\"widget\" data-e-type=\"widget\" data-widget_type=\"text-editor.default\">\n\t\t\t\t<div class=\"elementor-widget-container\">\n\t\t\t\t\t\t\t\t\t<div>To be a real estate management company renowned for its service excellence, innovative and modern, to become the best<\/div>\t\t\t\t\t\t\t\t<\/div>\n\t\t\t\t<\/div>\n\t\t\t\t<div class=\"elementor-element elementor-element-566e3a0 elementor-widget elementor-widget-heading\" data-id=\"566e3a0\" data-element_type=\"widget\" data-e-type=\"widget\" data-widget_type=\"heading.default\">\n\t\t\t\t<div class=\"elementor-widget-container\">\n\t\t\t\t\t<h2 class=\"elementor-heading-title elementor-size-default\">Mission<\/h2>\t\t\t\t<\/div>\n\t\t\t\t<\/div>\n\t\t\t\t<div class=\"elementor-element elementor-element-154afc3 elementor-widget elementor-widget-text-editor\" data-id=\"154afc3\" data-element_type=\"widget\" data-e-type=\"widget\" data-widget_type=\"text-editor.default\">\n\t\t\t\t<div class=\"elementor-widget-container\">\n\t\t\t\t\t\t\t\t\t<div>To provide service and advising in the \u200b\u200breal state area related activities, meeting the needs of customers in a competitive, dynamic and efficient manner. Pointing to a comprehensive service for our customers, and ensuring the business profitability with total commitment, in order to develop an excellent long-term relationship of our customers.<\/div>\t\t\t\t\t\t\t\t<\/div>\n\t\t\t\t<\/div>\n\t\t\t\t\t<\/div>\n\t\t<\/div>\n\t\t\t\t\t<\/div>\n\t\t<\/section>\n\t\t\t\t<section class=\"elementor-section elementor-top-section elementor-element elementor-element-b65c53e elementor-section-boxed elementor-section-height-default elementor-section-height-default\" data-id=\"b65c53e\" data-element_type=\"section\" data-e-type=\"section\">\n\t\t\t\t\t\t<div class=\"elementor-container elementor-column-gap-default\">\n\t\t\t\t\t<div class=\"elementor-column elementor-col-100 elementor-top-column elementor-element elementor-element-9af971b\" data-id=\"9af971b\" data-element_type=\"column\" data-e-type=\"column\">\n\t\t\t<div class=\"elementor-widget-wrap elementor-element-populated\">\n\t\t\t\t\t\t<div class=\"elementor-element elementor-element-f5371bf elementor-widget elementor-widget-spacer\" data-id=\"f5371bf\" data-element_type=\"widget\" data-e-type=\"widget\" data-widget_type=\"spacer.default\">\n\t\t\t\t<div class=\"elementor-widget-container\">\n\t\t\t\t\t\t\t<div class=\"elementor-spacer\">\n\t\t\t<div class=\"elementor-spacer-inner\"><\/div>\n\t\t<\/div>\n\t\t\t\t\t\t<\/div>\n\t\t\t\t<\/div>\n\t\t\t\t\t<\/div>\n\t\t<\/div>\n\t\t\t\t\t<\/div>\n\t\t<\/section>\n\t\t\t\t<\/div>","protected":false},"excerpt":{"rendered":"<p>Quienes Somos Rent-Sell Fernando Rojas C, presente en el mercado desde 1989 prestando servicios en el rubro de la construcci\u00f3n, a trav\u00e9s de FERCCO Construcciones y en la gesti\u00f3n inmobiliaria por medio de RENT-SELL Propiedades, se ha especializado en dar soluci\u00f3n personalizada, oportuna y satisfactoria a los requerimientos de sus clientes, tanto personas como empresas, [&hellip;]<\/p>\n","protected":false},"author":2,"featured_media":0,"parent":0,"menu_order":0,"comment_status":"closed","ping_status":"closed","template":"elementor_header_footer","meta":{"ngg_post_thumbnail":0,"footnotes":""},"class_list":["post-4285","page","type-page","status-publish","hentry"],"yoast_head":"<!-- This site is optimized with the Yoast SEO plugin v26.3 - https:\/\/yoast.com\/wordpress\/plugins\/seo\/ -->\n<title>Quienes Somos - Rent-Sell<\/title>\n<meta name=\"robots\" content=\"index, follow, max-snippet:-1, max-image-preview:large, max-video-preview:-1\" \/>\n<link rel=\"canonical\" href=\"https:\/\/rent-sell.cl\/en\/quienes-somos\/\" \/>\n<meta property=\"og:locale\" content=\"en_US\" \/>\n<meta property=\"og:type\" content=\"article\" \/>\n<meta property=\"og:title\" content=\"Quienes Somos - Rent-Sell\" \/>\n<meta property=\"og:description\" content=\"Quienes Somos Rent-Sell Fernando Rojas C, presente en el mercado desde 1989 prestando servicios en el rubro de la construcci\u00f3n, a trav\u00e9s de FERCCO Construcciones y en la gesti\u00f3n inmobiliaria por medio de RENT-SELL Propiedades, se ha especializado en dar soluci\u00f3n personalizada, oportuna y satisfactoria a los requerimientos de sus clientes, tanto personas como empresas, [&hellip;]\" \/>\n<meta property=\"og:url\" content=\"https:\/\/rent-sell.cl\/en\/quienes-somos\/\" \/>\n<meta property=\"og:site_name\" content=\"Rent-Sell\" \/>\n<meta property=\"article:modified_time\" content=\"2024-12-21T21:40:29+00:00\" \/>\n<meta property=\"og:image\" content=\"https:\/\/rent-sell.cl\/wp-content\/plugins\/elementor\/assets\/images\/placeholder.png\" \/>\n<meta name=\"twitter:card\" content=\"summary_large_image\" \/>\n<meta name=\"twitter:label1\" content=\"Est. reading time\" \/>\n\t<meta name=\"twitter:data1\" content=\"2 minutes\" \/>\n<script type=\"application\/ld+json\" class=\"yoast-schema-graph\">{\"@context\":\"https:\/\/schema.org\",\"@graph\":[{\"@type\":\"WebPage\",\"@id\":\"https:\/\/rent-sell.cl\/quienes-somos\/\",\"url\":\"https:\/\/rent-sell.cl\/quienes-somos\/\",\"name\":\"Quienes Somos - Rent-Sell\",\"isPartOf\":{\"@id\":\"https:\/\/rent-sell.cl\/#website\"},\"primaryImageOfPage\":{\"@id\":\"https:\/\/rent-sell.cl\/quienes-somos\/#primaryimage\"},\"image\":{\"@id\":\"https:\/\/rent-sell.cl\/quienes-somos\/#primaryimage\"},\"thumbnailUrl\":\"https:\/\/rent-sell.cl\/wp-content\/plugins\/elementor\/assets\/images\/placeholder.png\",\"datePublished\":\"2021-06-18T02:34:14+00:00\",\"dateModified\":\"2024-12-21T21:40:29+00:00\",\"breadcrumb\":{\"@id\":\"https:\/\/rent-sell.cl\/quienes-somos\/#breadcrumb\"},\"inLanguage\":\"en-US\",\"potentialAction\":[{\"@type\":\"ReadAction\",\"target\":[\"https:\/\/rent-sell.cl\/quienes-somos\/\"]}]},{\"@type\":\"ImageObject\",\"inLanguage\":\"en-US\",\"@id\":\"https:\/\/rent-sell.cl\/quienes-somos\/#primaryimage\",\"url\":\"https:\/\/rent-sell.cl\/wp-content\/plugins\/elementor\/assets\/images\/placeholder.png\",\"contentUrl\":\"https:\/\/rent-sell.cl\/wp-content\/plugins\/elementor\/assets\/images\/placeholder.png\"},{\"@type\":\"BreadcrumbList\",\"@id\":\"https:\/\/rent-sell.cl\/quienes-somos\/#breadcrumb\",\"itemListElement\":[{\"@type\":\"ListItem\",\"position\":1,\"name\":\"Portada\",\"item\":\"https:\/\/rent-sell.cl\/\"},{\"@type\":\"ListItem\",\"position\":2,\"name\":\"Quienes Somos\"}]},{\"@type\":\"WebSite\",\"@id\":\"https:\/\/rent-sell.cl\/#website\",\"url\":\"https:\/\/rent-sell.cl\/\",\"name\":\"Rent-Sell\",\"description\":\"Corredora de Propiedades\",\"publisher\":{\"@id\":\"https:\/\/rent-sell.cl\/#organization\"},\"potentialAction\":[{\"@type\":\"SearchAction\",\"target\":{\"@type\":\"EntryPoint\",\"urlTemplate\":\"https:\/\/rent-sell.cl\/?s={search_term_string}\"},\"query-input\":{\"@type\":\"PropertyValueSpecification\",\"valueRequired\":true,\"valueName\":\"search_term_string\"}}],\"inLanguage\":\"en-US\"},{\"@type\":\"Organization\",\"@id\":\"https:\/\/rent-sell.cl\/#organization\",\"name\":\"Rent-Sell\",\"url\":\"https:\/\/rent-sell.cl\/\",\"logo\":{\"@type\":\"ImageObject\",\"inLanguage\":\"en-US\",\"@id\":\"https:\/\/rent-sell.cl\/#\/schema\/logo\/image\/\",\"url\":\"https:\/\/rent-sell.cl\/wp-content\/uploads\/2014\/12\/cropped-logo_redonde.png\",\"contentUrl\":\"https:\/\/rent-sell.cl\/wp-content\/uploads\/2014\/12\/cropped-logo_redonde.png\",\"width\":212,\"height\":184,\"caption\":\"Rent-Sell\"},\"image\":{\"@id\":\"https:\/\/rent-sell.cl\/#\/schema\/logo\/image\/\"}}]}<\/script>\n<!-- \/ Yoast SEO plugin. -->","yoast_head_json":{"title":"Quienes Somos - Rent-Sell","robots":{"index":"index","follow":"follow","max-snippet":"max-snippet:-1","max-image-preview":"max-image-preview:large","max-video-preview":"max-video-preview:-1"},"canonical":"https:\/\/rent-sell.cl\/en\/quienes-somos\/","og_locale":"en_US","og_type":"article","og_title":"Quienes Somos - Rent-Sell","og_description":"Quienes Somos Rent-Sell Fernando Rojas C, presente en el mercado desde 1989 prestando servicios en el rubro de la construcci\u00f3n, a trav\u00e9s de FERCCO Construcciones y en la gesti\u00f3n inmobiliaria por medio de RENT-SELL Propiedades, se ha especializado en dar soluci\u00f3n personalizada, oportuna y satisfactoria a los requerimientos de sus clientes, tanto personas como empresas, [&hellip;]","og_url":"https:\/\/rent-sell.cl\/en\/quienes-somos\/","og_site_name":"Rent-Sell","article_modified_time":"2024-12-21T21:40:29+00:00","og_image":[{"url":"https:\/\/rent-sell.cl\/wp-content\/plugins\/elementor\/assets\/images\/placeholder.png","type":"","width":"","height":""}],"twitter_card":"summary_large_image","twitter_misc":{"Est. reading time":"2 minutes"},"schema":{"@context":"https:\/\/schema.org","@graph":[{"@type":"WebPage","@id":"https:\/\/rent-sell.cl\/quienes-somos\/","url":"https:\/\/rent-sell.cl\/quienes-somos\/","name":"Quienes Somos - Rent-Sell","isPartOf":{"@id":"https:\/\/rent-sell.cl\/#website"},"primaryImageOfPage":{"@id":"https:\/\/rent-sell.cl\/quienes-somos\/#primaryimage"},"image":{"@id":"https:\/\/rent-sell.cl\/quienes-somos\/#primaryimage"},"thumbnailUrl":"https:\/\/rent-sell.cl\/wp-content\/plugins\/elementor\/assets\/images\/placeholder.png","datePublished":"2021-06-18T02:34:14+00:00","dateModified":"2024-12-21T21:40:29+00:00","breadcrumb":{"@id":"https:\/\/rent-sell.cl\/quienes-somos\/#breadcrumb"},"inLanguage":"en-US","potentialAction":[{"@type":"ReadAction","target":["https:\/\/rent-sell.cl\/quienes-somos\/"]}]},{"@type":"ImageObject","inLanguage":"en-US","@id":"https:\/\/rent-sell.cl\/quienes-somos\/#primaryimage","url":"https:\/\/rent-sell.cl\/wp-content\/plugins\/elementor\/assets\/images\/placeholder.png","contentUrl":"https:\/\/rent-sell.cl\/wp-content\/plugins\/elementor\/assets\/images\/placeholder.png"},{"@type":"BreadcrumbList","@id":"https:\/\/rent-sell.cl\/quienes-somos\/#breadcrumb","itemListElement":[{"@type":"ListItem","position":1,"name":"Portada","item":"https:\/\/rent-sell.cl\/"},{"@type":"ListItem","position":2,"name":"Quienes Somos"}]},{"@type":"WebSite","@id":"https:\/\/rent-sell.cl\/#website","url":"https:\/\/rent-sell.cl\/","name":"Rent-Sell","description":"Corredora de Propiedades","publisher":{"@id":"https:\/\/rent-sell.cl\/#organization"},"potentialAction":[{"@type":"SearchAction","target":{"@type":"EntryPoint","urlTemplate":"https:\/\/rent-sell.cl\/?s={search_term_string}"},"query-input":{"@type":"PropertyValueSpecification","valueRequired":true,"valueName":"search_term_string"}}],"inLanguage":"en-US"},{"@type":"Organization","@id":"https:\/\/rent-sell.cl\/#organization","name":"Rent-Sell","url":"https:\/\/rent-sell.cl\/","logo":{"@type":"ImageObject","inLanguage":"en-US","@id":"https:\/\/rent-sell.cl\/#\/schema\/logo\/image\/","url":"https:\/\/rent-sell.cl\/wp-content\/uploads\/2014\/12\/cropped-logo_redonde.png","contentUrl":"https:\/\/rent-sell.cl\/wp-content\/uploads\/2014\/12\/cropped-logo_redonde.png","width":212,"height":184,"caption":"Rent-Sell"},"image":{"@id":"https:\/\/rent-sell.cl\/#\/schema\/logo\/image\/"}}]}},"_links":{"self":[{"href":"https:\/\/rent-sell.cl\/en\/wp-json\/wp\/v2\/pages\/4285","targetHints":{"allow":["GET"]}}],"collection":[{"href":"https:\/\/rent-sell.cl\/en\/wp-json\/wp\/v2\/pages"}],"about":[{"href":"https:\/\/rent-sell.cl\/en\/wp-json\/wp\/v2\/types\/page"}],"author":[{"embeddable":true,"href":"https:\/\/rent-sell.cl\/en\/wp-json\/wp\/v2\/users\/2"}],"replies":[{"embeddable":true,"href":"https:\/\/rent-sell.cl\/en\/wp-json\/wp\/v2\/comments?post=4285"}],"version-history":[{"count":7,"href":"https:\/\/rent-sell.cl\/en\/wp-json\/wp\/v2\/pages\/4285\/revisions"}],"predecessor-version":[{"id":5113,"href":"https:\/\/rent-sell.cl\/en\/wp-json\/wp\/v2\/pages\/4285\/revisions\/5113"}],"wp:attachment":[{"href":"https:\/\/rent-sell.cl\/en\/wp-json\/wp\/v2\/media?parent=4285"}],"curies":[{"name":"wp","href":"https:\/\/api.w.org\/{rel}","templated":true}]}}