{"id":4270,"date":"2021-06-17T21:45:42","date_gmt":"2021-06-18T01:45:42","guid":{"rendered":"https:\/\/rent-sell.cl\/?page_id=4270"},"modified":"2021-06-17T21:56:23","modified_gmt":"2021-06-18T01:56:23","slug":"entreganos-tu-propiedad","status":"publish","type":"page","link":"https:\/\/rent-sell.cl\/en\/entreganos-tu-propiedad\/","title":{"rendered":"Entr\u00e9ganos tu propiedad"},"content":{"rendered":"<div data-elementor-type=\"wp-page\" data-elementor-id=\"4270\" class=\"elementor elementor-4270\" data-elementor-post-type=\"page\">\n\t\t\t\t\t\t<section class=\"elementor-section elementor-top-section elementor-element elementor-element-664ca47 elementor-section-boxed elementor-section-height-default elementor-section-height-default\" data-id=\"664ca47\" data-element_type=\"section\" data-e-type=\"section\">\n\t\t\t\t\t\t<div class=\"elementor-container elementor-column-gap-default\">\n\t\t\t\t\t<div class=\"elementor-column elementor-col-100 elementor-top-column elementor-element elementor-element-4f529e4\" data-id=\"4f529e4\" data-element_type=\"column\" data-e-type=\"column\">\n\t\t\t<div class=\"elementor-widget-wrap elementor-element-populated\">\n\t\t\t\t\t\t<div class=\"elementor-element elementor-element-61d7cf3 elementor-widget elementor-widget-spacer\" data-id=\"61d7cf3\" data-element_type=\"widget\" data-e-type=\"widget\" data-widget_type=\"spacer.default\">\n\t\t\t\t<div class=\"elementor-widget-container\">\n\t\t\t\t\t\t\t<div class=\"elementor-spacer\">\n\t\t\t<div class=\"elementor-spacer-inner\"><\/div>\n\t\t<\/div>\n\t\t\t\t\t\t<\/div>\n\t\t\t\t<\/div>\n\t\t\t\t\t<\/div>\n\t\t<\/div>\n\t\t\t\t\t<\/div>\n\t\t<\/section>\n\t\t\t\t<section class=\"elementor-section elementor-top-section elementor-element elementor-element-4e3fabf elementor-section-boxed elementor-section-height-default elementor-section-height-default\" data-id=\"4e3fabf\" data-element_type=\"section\" data-e-type=\"section\" data-settings=\"{&quot;background_background&quot;:&quot;classic&quot;}\">\n\t\t\t\t\t\t<div class=\"elementor-container elementor-column-gap-default\">\n\t\t\t\t\t<div class=\"elementor-column elementor-col-100 elementor-top-column elementor-element elementor-element-aafab4a\" data-id=\"aafab4a\" data-element_type=\"column\" data-e-type=\"column\" data-settings=\"{&quot;background_background&quot;:&quot;classic&quot;}\">\n\t\t\t<div class=\"elementor-widget-wrap elementor-element-populated\">\n\t\t\t\t\t\t<div class=\"elementor-element elementor-element-f59f380 elementor-widget elementor-widget-spacer\" data-id=\"f59f380\" data-element_type=\"widget\" data-e-type=\"widget\" data-widget_type=\"spacer.default\">\n\t\t\t\t<div class=\"elementor-widget-container\">\n\t\t\t\t\t\t\t<div class=\"elementor-spacer\">\n\t\t\t<div class=\"elementor-spacer-inner\"><\/div>\n\t\t<\/div>\n\t\t\t\t\t\t<\/div>\n\t\t\t\t<\/div>\n\t\t\t\t<div class=\"elementor-element elementor-element-e2e4065 elementor-widget elementor-widget-heading\" data-id=\"e2e4065\" data-element_type=\"widget\" data-e-type=\"widget\" data-widget_type=\"heading.default\">\n\t\t\t\t<div class=\"elementor-widget-container\">\n\t\t\t\t\t<h1 class=\"elementor-heading-title elementor-size-default\">Entr\u00e9guenos su propiedad<\/h1>\t\t\t\t<\/div>\n\t\t\t\t<\/div>\n\t\t\t\t<section class=\"elementor-section elementor-inner-section elementor-element elementor-element-31d9d35 elementor-section-full_width elementor-section-height-default elementor-section-height-default\" data-id=\"31d9d35\" data-element_type=\"section\" data-e-type=\"section\">\n\t\t\t\t\t\t<div class=\"elementor-container elementor-column-gap-default\">\n\t\t\t\t\t<div class=\"elementor-column elementor-col-50 elementor-inner-column elementor-element elementor-element-d7278e5\" data-id=\"d7278e5\" data-element_type=\"column\" data-e-type=\"column\">\n\t\t\t<div class=\"elementor-widget-wrap\">\n\t\t\t\t\t\t\t<\/div>\n\t\t<\/div>\n\t\t\t\t<div class=\"elementor-column elementor-col-50 elementor-inner-column elementor-element elementor-element-4dd7788\" data-id=\"4dd7788\" data-element_type=\"column\" data-e-type=\"column\">\n\t\t\t<div class=\"elementor-widget-wrap elementor-element-populated\">\n\t\t\t\t\t\t<div class=\"elementor-element elementor-element-2450941 elementor-widget elementor-widget-text-editor\" data-id=\"2450941\" data-element_type=\"widget\" data-e-type=\"widget\" data-widget_type=\"text-editor.default\">\n\t\t\t\t<div class=\"elementor-widget-container\">\n\t\t\t\t\t\t\t\t\t<h3><strong><span style=\"color: #000000;\">Sr(a) Propietario:<\/span><\/strong><\/h3><h3><strong>Somos eficientes en nuestra gesti\u00f3n, ya que solo manejamos propiedades en forma EXCLUSIVA.<\/strong><\/h3><h3>Luego de ponerla en el mercado, nos esmeramos en encontrar al mejor arrendatario o comprador.<\/h3><h3>Nos hacemos cargo de todos los gastos de traslados, publicaciones virtuales, de prensa, letreros y otras gestiones con el fin de promoverla.<\/h3><h3>Nuestra atenci\u00f3n es totalmente personalizada, ya que siempre acompa\u00f1amos a nuestros clientes en las visitas.<\/h3><h3><strong>Nuestras diferencias son notorias y las comisiones por las que trabajamos, son las normales del mercado.<\/strong><\/h3><h3><strong>ADMINISTRAMOS<\/strong> varias propiedades por a\u00f1os, por lo que podr\u00e1 pedir referencias de nuestro trabajo.<\/h3><h3><strong>Complementamos nuestra atenci\u00f3n con TASACIONES y REMODELACIONES.<\/strong><\/h3>\t\t\t\t\t\t\t\t<\/div>\n\t\t\t\t<\/div>\n\t\t\t\t\t<\/div>\n\t\t<\/div>\n\t\t\t\t\t<\/div>\n\t\t<\/section>\n\t\t\t\t<section class=\"elementor-section elementor-inner-section elementor-element elementor-element-4656de1 elementor-section-boxed elementor-section-height-default elementor-section-height-default\" data-id=\"4656de1\" data-element_type=\"section\" data-e-type=\"section\">\n\t\t\t\t\t\t<div class=\"elementor-container elementor-column-gap-default\">\n\t\t\t\t\t<div class=\"elementor-column elementor-col-50 elementor-inner-column elementor-element elementor-element-76ef6e9\" data-id=\"76ef6e9\" data-element_type=\"column\" data-e-type=\"column\">\n\t\t\t<div class=\"elementor-widget-wrap\">\n\t\t\t\t\t\t\t<\/div>\n\t\t<\/div>\n\t\t\t\t<div class=\"elementor-column elementor-col-50 elementor-inner-column elementor-element elementor-element-1a7b5d3\" data-id=\"1a7b5d3\" data-element_type=\"column\" data-e-type=\"column\">\n\t\t\t<div class=\"elementor-widget-wrap elementor-element-populated\">\n\t\t\t\t\t\t<div class=\"elementor-element elementor-element-c65b34e elementor-button-info elementor-align-right elementor-widget elementor-widget-button\" data-id=\"c65b34e\" data-element_type=\"widget\" data-e-type=\"widget\" data-widget_type=\"button.default\">\n\t\t\t\t<div class=\"elementor-widget-container\">\n\t\t\t\t\t\t\t\t\t<div class=\"elementor-button-wrapper\">\n\t\t\t\t\t<a class=\"elementor-button elementor-button-link elementor-size-sm\" href=\"https:\/\/rent-sell.cl\/en\/contactenos\/\">\n\t\t\t\t\t\t<span class=\"elementor-button-content-wrapper\">\n\t\t\t\t\t\t\t\t\t<span class=\"elementor-button-text\">Cont\u00e1ctenos<\/span>\n\t\t\t\t\t<\/span>\n\t\t\t\t\t<\/a>\n\t\t\t\t<\/div>\n\t\t\t\t\t\t\t\t<\/div>\n\t\t\t\t<\/div>\n\t\t\t\t\t<\/div>\n\t\t<\/div>\n\t\t\t\t\t<\/div>\n\t\t<\/section>\n\t\t\t\t<div class=\"elementor-element elementor-element-2436820 elementor-widget elementor-widget-spacer\" data-id=\"2436820\" data-element_type=\"widget\" data-e-type=\"widget\" data-widget_type=\"spacer.default\">\n\t\t\t\t<div class=\"elementor-widget-container\">\n\t\t\t\t\t\t\t<div class=\"elementor-spacer\">\n\t\t\t<div class=\"elementor-spacer-inner\"><\/div>\n\t\t<\/div>\n\t\t\t\t\t\t<\/div>\n\t\t\t\t<\/div>\n\t\t\t\t\t<\/div>\n\t\t<\/div>\n\t\t\t\t\t<\/div>\n\t\t<\/section>\n\t\t\t\t<section class=\"elementor-section elementor-top-section elementor-element elementor-element-7ca08cf elementor-section-boxed elementor-section-height-default elementor-section-height-default\" data-id=\"7ca08cf\" data-element_type=\"section\" data-e-type=\"section\">\n\t\t\t\t\t\t<div class=\"elementor-container elementor-column-gap-default\">\n\t\t\t\t\t<div class=\"elementor-column elementor-col-100 elementor-top-column elementor-element elementor-element-7b20e87\" data-id=\"7b20e87\" data-element_type=\"column\" data-e-type=\"column\">\n\t\t\t<div class=\"elementor-widget-wrap elementor-element-populated\">\n\t\t\t\t\t\t<div class=\"elementor-element elementor-element-2cb8cdb elementor-widget elementor-widget-spacer\" data-id=\"2cb8cdb\" data-element_type=\"widget\" data-e-type=\"widget\" data-widget_type=\"spacer.default\">\n\t\t\t\t<div class=\"elementor-widget-container\">\n\t\t\t\t\t\t\t<div class=\"elementor-spacer\">\n\t\t\t<div class=\"elementor-spacer-inner\"><\/div>\n\t\t<\/div>\n\t\t\t\t\t\t<\/div>\n\t\t\t\t<\/div>\n\t\t\t\t\t<\/div>\n\t\t<\/div>\n\t\t\t\t\t<\/div>\n\t\t<\/section>\n\t\t\t\t<\/div>","protected":false},"excerpt":{"rendered":"<p>Entr\u00e9guenos su propiedad Sr(a) Propietario: Somos eficientes en nuestra gesti\u00f3n, ya que solo manejamos propiedades en forma EXCLUSIVA. Luego de ponerla en el mercado, nos esmeramos en encontrar al mejor arrendatario o comprador. Nos hacemos cargo de todos los gastos de traslados, publicaciones virtuales, de prensa, letreros y otras gestiones con el fin de promoverla. [&hellip;]<\/p>\n","protected":false},"author":2,"featured_media":0,"parent":0,"menu_order":0,"comment_status":"closed","ping_status":"closed","template":"elementor_header_footer","meta":{"ngg_post_thumbnail":0,"footnotes":""},"class_list":["post-4270","page","type-page","status-publish","hentry"],"yoast_head":"<!-- This site is optimized with the Yoast SEO plugin v26.3 - https:\/\/yoast.com\/wordpress\/plugins\/seo\/ -->\n<title>Entr\u00e9ganos tu propiedad - Rent-Sell<\/title>\n<meta name=\"robots\" content=\"index, follow, max-snippet:-1, max-image-preview:large, max-video-preview:-1\" \/>\n<link rel=\"canonical\" href=\"https:\/\/rent-sell.cl\/en\/entreganos-tu-propiedad\/\" \/>\n<meta property=\"og:locale\" content=\"en_US\" \/>\n<meta property=\"og:type\" content=\"article\" \/>\n<meta property=\"og:title\" content=\"Entr\u00e9ganos tu propiedad - Rent-Sell\" \/>\n<meta property=\"og:description\" content=\"Entr\u00e9guenos su propiedad Sr(a) Propietario: Somos eficientes en nuestra gesti\u00f3n, ya que solo manejamos propiedades en forma EXCLUSIVA. Luego de ponerla en el mercado, nos esmeramos en encontrar al mejor arrendatario o comprador. Nos hacemos cargo de todos los gastos de traslados, publicaciones virtuales, de prensa, letreros y otras gestiones con el fin de promoverla. [&hellip;]\" \/>\n<meta property=\"og:url\" content=\"https:\/\/rent-sell.cl\/en\/entreganos-tu-propiedad\/\" \/>\n<meta property=\"og:site_name\" content=\"Rent-Sell\" \/>\n<meta property=\"article:modified_time\" content=\"2021-06-18T01:56:23+00:00\" \/>\n<meta name=\"twitter:card\" content=\"summary_large_image\" \/>\n<meta name=\"twitter:label1\" content=\"Est. reading time\" \/>\n\t<meta name=\"twitter:data1\" content=\"1 minute\" \/>\n<script type=\"application\/ld+json\" class=\"yoast-schema-graph\">{\"@context\":\"https:\/\/schema.org\",\"@graph\":[{\"@type\":\"WebPage\",\"@id\":\"https:\/\/rent-sell.cl\/entreganos-tu-propiedad\/\",\"url\":\"https:\/\/rent-sell.cl\/entreganos-tu-propiedad\/\",\"name\":\"Entr\u00e9ganos tu propiedad - Rent-Sell\",\"isPartOf\":{\"@id\":\"https:\/\/rent-sell.cl\/#website\"},\"datePublished\":\"2021-06-18T01:45:42+00:00\",\"dateModified\":\"2021-06-18T01:56:23+00:00\",\"breadcrumb\":{\"@id\":\"https:\/\/rent-sell.cl\/entreganos-tu-propiedad\/#breadcrumb\"},\"inLanguage\":\"en-US\",\"potentialAction\":[{\"@type\":\"ReadAction\",\"target\":[\"https:\/\/rent-sell.cl\/entreganos-tu-propiedad\/\"]}]},{\"@type\":\"BreadcrumbList\",\"@id\":\"https:\/\/rent-sell.cl\/entreganos-tu-propiedad\/#breadcrumb\",\"itemListElement\":[{\"@type\":\"ListItem\",\"position\":1,\"name\":\"Portada\",\"item\":\"https:\/\/rent-sell.cl\/\"},{\"@type\":\"ListItem\",\"position\":2,\"name\":\"Entr\u00e9ganos tu propiedad\"}]},{\"@type\":\"WebSite\",\"@id\":\"https:\/\/rent-sell.cl\/#website\",\"url\":\"https:\/\/rent-sell.cl\/\",\"name\":\"Rent-Sell\",\"description\":\"Corredora de Propiedades\",\"publisher\":{\"@id\":\"https:\/\/rent-sell.cl\/#organization\"},\"potentialAction\":[{\"@type\":\"SearchAction\",\"target\":{\"@type\":\"EntryPoint\",\"urlTemplate\":\"https:\/\/rent-sell.cl\/?s={search_term_string}\"},\"query-input\":{\"@type\":\"PropertyValueSpecification\",\"valueRequired\":true,\"valueName\":\"search_term_string\"}}],\"inLanguage\":\"en-US\"},{\"@type\":\"Organization\",\"@id\":\"https:\/\/rent-sell.cl\/#organization\",\"name\":\"Rent-Sell\",\"url\":\"https:\/\/rent-sell.cl\/\",\"logo\":{\"@type\":\"ImageObject\",\"inLanguage\":\"en-US\",\"@id\":\"https:\/\/rent-sell.cl\/#\/schema\/logo\/image\/\",\"url\":\"https:\/\/rent-sell.cl\/wp-content\/uploads\/2014\/12\/cropped-logo_redonde.png\",\"contentUrl\":\"https:\/\/rent-sell.cl\/wp-content\/uploads\/2014\/12\/cropped-logo_redonde.png\",\"width\":212,\"height\":184,\"caption\":\"Rent-Sell\"},\"image\":{\"@id\":\"https:\/\/rent-sell.cl\/#\/schema\/logo\/image\/\"}}]}<\/script>\n<!-- \/ Yoast SEO plugin. -->","yoast_head_json":{"title":"Entr\u00e9ganos tu propiedad - Rent-Sell","robots":{"index":"index","follow":"follow","max-snippet":"max-snippet:-1","max-image-preview":"max-image-preview:large","max-video-preview":"max-video-preview:-1"},"canonical":"https:\/\/rent-sell.cl\/en\/entreganos-tu-propiedad\/","og_locale":"en_US","og_type":"article","og_title":"Entr\u00e9ganos tu propiedad - Rent-Sell","og_description":"Entr\u00e9guenos su propiedad Sr(a) Propietario: Somos eficientes en nuestra gesti\u00f3n, ya que solo manejamos propiedades en forma EXCLUSIVA. Luego de ponerla en el mercado, nos esmeramos en encontrar al mejor arrendatario o comprador. Nos hacemos cargo de todos los gastos de traslados, publicaciones virtuales, de prensa, letreros y otras gestiones con el fin de promoverla. [&hellip;]","og_url":"https:\/\/rent-sell.cl\/en\/entreganos-tu-propiedad\/","og_site_name":"Rent-Sell","article_modified_time":"2021-06-18T01:56:23+00:00","twitter_card":"summary_large_image","twitter_misc":{"Est. reading time":"1 minute"},"schema":{"@context":"https:\/\/schema.org","@graph":[{"@type":"WebPage","@id":"https:\/\/rent-sell.cl\/entreganos-tu-propiedad\/","url":"https:\/\/rent-sell.cl\/entreganos-tu-propiedad\/","name":"Entr\u00e9ganos tu propiedad - Rent-Sell","isPartOf":{"@id":"https:\/\/rent-sell.cl\/#website"},"datePublished":"2021-06-18T01:45:42+00:00","dateModified":"2021-06-18T01:56:23+00:00","breadcrumb":{"@id":"https:\/\/rent-sell.cl\/entreganos-tu-propiedad\/#breadcrumb"},"inLanguage":"en-US","potentialAction":[{"@type":"ReadAction","target":["https:\/\/rent-sell.cl\/entreganos-tu-propiedad\/"]}]},{"@type":"BreadcrumbList","@id":"https:\/\/rent-sell.cl\/entreganos-tu-propiedad\/#breadcrumb","itemListElement":[{"@type":"ListItem","position":1,"name":"Portada","item":"https:\/\/rent-sell.cl\/"},{"@type":"ListItem","position":2,"name":"Entr\u00e9ganos tu propiedad"}]},{"@type":"WebSite","@id":"https:\/\/rent-sell.cl\/#website","url":"https:\/\/rent-sell.cl\/","name":"Rent-Sell","description":"Corredora de Propiedades","publisher":{"@id":"https:\/\/rent-sell.cl\/#organization"},"potentialAction":[{"@type":"SearchAction","target":{"@type":"EntryPoint","urlTemplate":"https:\/\/rent-sell.cl\/?s={search_term_string}"},"query-input":{"@type":"PropertyValueSpecification","valueRequired":true,"valueName":"search_term_string"}}],"inLanguage":"en-US"},{"@type":"Organization","@id":"https:\/\/rent-sell.cl\/#organization","name":"Rent-Sell","url":"https:\/\/rent-sell.cl\/","logo":{"@type":"ImageObject","inLanguage":"en-US","@id":"https:\/\/rent-sell.cl\/#\/schema\/logo\/image\/","url":"https:\/\/rent-sell.cl\/wp-content\/uploads\/2014\/12\/cropped-logo_redonde.png","contentUrl":"https:\/\/rent-sell.cl\/wp-content\/uploads\/2014\/12\/cropped-logo_redonde.png","width":212,"height":184,"caption":"Rent-Sell"},"image":{"@id":"https:\/\/rent-sell.cl\/#\/schema\/logo\/image\/"}}]}},"_links":{"self":[{"href":"https:\/\/rent-sell.cl\/en\/wp-json\/wp\/v2\/pages\/4270","targetHints":{"allow":["GET"]}}],"collection":[{"href":"https:\/\/rent-sell.cl\/en\/wp-json\/wp\/v2\/pages"}],"about":[{"href":"https:\/\/rent-sell.cl\/en\/wp-json\/wp\/v2\/types\/page"}],"author":[{"embeddable":true,"href":"https:\/\/rent-sell.cl\/en\/wp-json\/wp\/v2\/users\/2"}],"replies":[{"embeddable":true,"href":"https:\/\/rent-sell.cl\/en\/wp-json\/wp\/v2\/comments?post=4270"}],"version-history":[{"count":7,"href":"https:\/\/rent-sell.cl\/en\/wp-json\/wp\/v2\/pages\/4270\/revisions"}],"predecessor-version":[{"id":4280,"href":"https:\/\/rent-sell.cl\/en\/wp-json\/wp\/v2\/pages\/4270\/revisions\/4280"}],"wp:attachment":[{"href":"https:\/\/rent-sell.cl\/en\/wp-json\/wp\/v2\/media?parent=4270"}],"curies":[{"name":"wp","href":"https:\/\/api.w.org\/{rel}","templated":true}]}}