{"id":16,"date":"2014-12-19T17:57:23","date_gmt":"2014-12-19T17:57:23","guid":{"rendered":"http:\/\/rent-sell.cl\/?page_id=16"},"modified":"2021-06-17T10:05:09","modified_gmt":"2021-06-17T14:05:09","slug":"remodelaciones","status":"publish","type":"page","link":"https:\/\/rent-sell.cl\/en\/remodelaciones\/","title":{"rendered":"Remodelaciones"},"content":{"rendered":"<h3 style=\"font-weight: 300; color: #000000;\"><strong>REALIZAMOS TODO TIPO DE TRABAJOS DE CONSTRUCCI\u00d3N<\/strong><\/h3>\n<p style=\"color: #000000;\"><strong>Desde las m\u00e1s simples reparaciones hasta cambiar completamente una propiedad, modernizandola con los materiales y t\u00e9cnicas actuales.<\/strong><\/p>\n<p style=\"color: #000000;\"><strong>Como por ejemplo:<\/strong><\/p>\n<ul style=\"color: #474747;\">\n<li>Calefacci\u00f3n central para casas y departamentos.<\/li>\n<li>Pisos de tablas de madera.<\/li>\n<li>Ba\u00f1eras tipo jacuzzi.<\/li>\n<li>Ventanas termopaneles y de pvc.<\/li>\n<li>Pinturas especiales.<\/li>\n<li>Portones el\u00e9ctricos.<\/li>\n<li>Cambios de techos.<\/li>\n<li>Ampliaciones.<\/li>\n<li>Modernizaci\u00f3n de ba\u00f1os y cocinas.<\/li>\n<\/ul>\n<h3 style=\"text-align: center;\">Y mucho m\u00e1s !!<\/h3>\n<p><!-- default-view.php -->\n<div\n\tclass=\"ngg-galleryoverview default-view\t ngg-ajax-pagination-none\"\n\tid=\"ngg-gallery-dd5d5fda18fe6154560278ae2cf237dc-1\"\n\tdata-nextgen-gallery-id=\"1\"\n\tdata-gallery-id=\"1\"\n\t\tdata-gallery-name=\"Galer\u00eda\"\n\t>\n\n\t\t<!-- Thumbnails -->\n\t\t\t\t<div id=\"ngg-image-0\" class=\"ngg-gallery-thumbnail-box\t\t\t\t\t\t\t\tngg-5-columns\"\n\t\t\t>\n\t\t\t\t\t\t<div class=\"ngg-gallery-thumbnail\">\n\t\t<a href=\"https:\/\/rent-sell.cl\/en\/wp-content\/gallery\/galeria\/802.jpg\/?t=1616801401\"\n\t\t\ttitle=\"\"\n\t\t\tdata-src=\"https:\/\/rent-sell.cl\/wp-content\/gallery\/galeria\/802.jpg?t=1616801401\"\n\t\t\tdata-thumbnail=\"https:\/\/rent-sell.cl\/wp-content\/gallery\/galeria\/thumbs\/thumbs_802.jpg?t=1616801401\"\n\t\t\tdata-image-id=\"1\"\n\t\t\tdata-image-name=\"802.jpg\"\n\t\t\tdata-title=\"802\"\n\t\t\tdata-description=\"\"\n\t\t\tdata-image-slug=\"802\"\n\t\t\t\t\t\t\t\t\t\t\t\t\t\t\t\t\t\t\t\tclass=\"ngg-fancybox\" rel=\"dd5d5fda18fe6154560278ae2cf237dc\">\n\t\t\t\t\t\t\t\t<img\n\t\t\t\t\ttitle=\"802\"\n\t\t\t\t\talt=\"802\"\n\t\t\t\t\tsrc=\"https:\/\/rent-sell.cl\/wp-content\/gallery\/galeria\/thumbs\/thumbs_802.jpg?t=1616801401\"\n\t\t\t\t\twidth=\"120\"\n\t\t\t\t\theight=\"90\"\n\t\t\t\t\tstyle=\"max-width:100%;\"\n\t\t\t\t\/>\n\t\t\t<\/a>\n\t\t<\/div>\n\t\t\t\t\t\t\t<\/div>\n\t\t\t\n\t\t\t\t<div id=\"ngg-image-1\" class=\"ngg-gallery-thumbnail-box\t\t\t\t\t\t\t\tngg-5-columns\"\n\t\t\t>\n\t\t\t\t\t\t<div class=\"ngg-gallery-thumbnail\">\n\t\t<a href=\"https:\/\/rent-sell.cl\/en\/wp-content\/gallery\/galeria\/819-jpg.jpg\/?t=1419025999\"\n\t\t\ttitle=\" \"\n\t\t\tdata-src=\"https:\/\/rent-sell.cl\/wp-content\/gallery\/galeria\/819-jpg.jpg?t=1419025999\"\n\t\t\tdata-thumbnail=\"https:\/\/rent-sell.cl\/wp-content\/gallery\/galeria\/thumbs\/thumbs_819-jpg.jpg?t=1419025999\"\n\t\t\tdata-image-id=\"2\"\n\t\t\tdata-image-name=\"819-jpg.jpg\"\n\t\t\tdata-title=\"819-jpg\"\n\t\t\tdata-description=\" \"\n\t\t\tdata-image-slug=\"819-jpg\"\n\t\t\t\t\t\t\t\t\t\t\t\t\t\t\t\t\t\t\t\tclass=\"ngg-fancybox\" rel=\"dd5d5fda18fe6154560278ae2cf237dc\">\n\t\t\t\t\t\t\t\t<img\n\t\t\t\t\ttitle=\"819-jpg\"\n\t\t\t\t\talt=\"819-jpg\"\n\t\t\t\t\tsrc=\"https:\/\/rent-sell.cl\/wp-content\/gallery\/galeria\/thumbs\/thumbs_819-jpg.jpg?t=1419025999\"\n\t\t\t\t\twidth=\"120\"\n\t\t\t\t\theight=\"90\"\n\t\t\t\t\tstyle=\"max-width:100%;\"\n\t\t\t\t\/>\n\t\t\t<\/a>\n\t\t<\/div>\n\t\t\t\t\t\t\t<\/div>\n\t\t\t\n\t\t\t\t<div id=\"ngg-image-2\" class=\"ngg-gallery-thumbnail-box\t\t\t\t\t\t\t\tngg-5-columns\"\n\t\t\t>\n\t\t\t\t\t\t<div class=\"ngg-gallery-thumbnail\">\n\t\t<a href=\"https:\/\/rent-sell.cl\/en\/wp-content\/gallery\/galeria\/852.jpg\/?t=1419026001\"\n\t\t\ttitle=\" \"\n\t\t\tdata-src=\"https:\/\/rent-sell.cl\/wp-content\/gallery\/galeria\/852.jpg?t=1419026001\"\n\t\t\tdata-thumbnail=\"https:\/\/rent-sell.cl\/wp-content\/gallery\/galeria\/thumbs\/thumbs_852.jpg?t=1419026001\"\n\t\t\tdata-image-id=\"3\"\n\t\t\tdata-image-name=\"852.jpg\"\n\t\t\tdata-title=\"852\"\n\t\t\tdata-description=\" \"\n\t\t\tdata-image-slug=\"852\"\n\t\t\t\t\t\t\t\t\t\t\t\t\t\t\t\t\t\t\t\tclass=\"ngg-fancybox\" rel=\"dd5d5fda18fe6154560278ae2cf237dc\">\n\t\t\t\t\t\t\t\t<img\n\t\t\t\t\ttitle=\"852\"\n\t\t\t\t\talt=\"852\"\n\t\t\t\t\tsrc=\"https:\/\/rent-sell.cl\/wp-content\/gallery\/galeria\/thumbs\/thumbs_852.jpg?t=1419026001\"\n\t\t\t\t\twidth=\"120\"\n\t\t\t\t\theight=\"90\"\n\t\t\t\t\tstyle=\"max-width:100%;\"\n\t\t\t\t\/>\n\t\t\t<\/a>\n\t\t<\/div>\n\t\t\t\t\t\t\t<\/div>\n\t\t\t\n\t\t\t\t<div id=\"ngg-image-3\" class=\"ngg-gallery-thumbnail-box\t\t\t\t\t\t\t\tngg-5-columns\"\n\t\t\t>\n\t\t\t\t\t\t<div class=\"ngg-gallery-thumbnail\">\n\t\t<a href=\"https:\/\/rent-sell.cl\/en\/wp-content\/gallery\/galeria\/908.jpg\/?t=1419026003\"\n\t\t\ttitle=\" \"\n\t\t\tdata-src=\"https:\/\/rent-sell.cl\/wp-content\/gallery\/galeria\/908.jpg?t=1419026003\"\n\t\t\tdata-thumbnail=\"https:\/\/rent-sell.cl\/wp-content\/gallery\/galeria\/thumbs\/thumbs_908.jpg?t=1419026003\"\n\t\t\tdata-image-id=\"4\"\n\t\t\tdata-image-name=\"908.jpg\"\n\t\t\tdata-title=\"908\"\n\t\t\tdata-description=\" \"\n\t\t\tdata-image-slug=\"908\"\n\t\t\t\t\t\t\t\t\t\t\t\t\t\t\t\t\t\t\t\tclass=\"ngg-fancybox\" rel=\"dd5d5fda18fe6154560278ae2cf237dc\">\n\t\t\t\t\t\t\t\t<img\n\t\t\t\t\ttitle=\"908\"\n\t\t\t\t\talt=\"908\"\n\t\t\t\t\tsrc=\"https:\/\/rent-sell.cl\/wp-content\/gallery\/galeria\/thumbs\/thumbs_908.jpg?t=1419026003\"\n\t\t\t\t\twidth=\"120\"\n\t\t\t\t\theight=\"90\"\n\t\t\t\t\tstyle=\"max-width:100%;\"\n\t\t\t\t\/>\n\t\t\t<\/a>\n\t\t<\/div>\n\t\t\t\t\t\t\t<\/div>\n\t\t\t\n\t\t\t\t<div id=\"ngg-image-4\" class=\"ngg-gallery-thumbnail-box\t\t\t\t\t\t\t\tngg-5-columns\"\n\t\t\t>\n\t\t\t\t\t\t<div class=\"ngg-gallery-thumbnail\">\n\t\t<a href=\"https:\/\/rent-sell.cl\/en\/wp-content\/gallery\/galeria\/932.jpg\/?t=1419026004\"\n\t\t\ttitle=\" \"\n\t\t\tdata-src=\"https:\/\/rent-sell.cl\/wp-content\/gallery\/galeria\/932.jpg?t=1419026004\"\n\t\t\tdata-thumbnail=\"https:\/\/rent-sell.cl\/wp-content\/gallery\/galeria\/thumbs\/thumbs_932.jpg?t=1419026004\"\n\t\t\tdata-image-id=\"5\"\n\t\t\tdata-image-name=\"932.jpg\"\n\t\t\tdata-title=\"932\"\n\t\t\tdata-description=\" \"\n\t\t\tdata-image-slug=\"932\"\n\t\t\t\t\t\t\t\t\t\t\t\t\t\t\t\t\t\t\t\tclass=\"ngg-fancybox\" rel=\"dd5d5fda18fe6154560278ae2cf237dc\">\n\t\t\t\t\t\t\t\t<img\n\t\t\t\t\ttitle=\"932\"\n\t\t\t\t\talt=\"932\"\n\t\t\t\t\tsrc=\"https:\/\/rent-sell.cl\/wp-content\/gallery\/galeria\/thumbs\/thumbs_932.jpg?t=1419026004\"\n\t\t\t\t\twidth=\"120\"\n\t\t\t\t\theight=\"90\"\n\t\t\t\t\tstyle=\"max-width:100%;\"\n\t\t\t\t\/>\n\t\t\t<\/a>\n\t\t<\/div>\n\t\t\t\t\t\t\t<\/div>\n\t\t\t\n\t\t\t\t<div id=\"ngg-image-5\" class=\"ngg-gallery-thumbnail-box\t\t\t\t\t\t\t\tngg-5-columns\"\n\t\t\t>\n\t\t\t\t\t\t<div class=\"ngg-gallery-thumbnail\">\n\t\t<a href=\"https:\/\/rent-sell.cl\/en\/wp-content\/gallery\/galeria\/974.jpg\/?t=1419026006\"\n\t\t\ttitle=\" \"\n\t\t\tdata-src=\"https:\/\/rent-sell.cl\/wp-content\/gallery\/galeria\/974.jpg?t=1419026006\"\n\t\t\tdata-thumbnail=\"https:\/\/rent-sell.cl\/wp-content\/gallery\/galeria\/thumbs\/thumbs_974.jpg?t=1419026006\"\n\t\t\tdata-image-id=\"6\"\n\t\t\tdata-image-name=\"974.jpg\"\n\t\t\tdata-title=\"974\"\n\t\t\tdata-description=\" \"\n\t\t\tdata-image-slug=\"974\"\n\t\t\t\t\t\t\t\t\t\t\t\t\t\t\t\t\t\t\t\tclass=\"ngg-fancybox\" rel=\"dd5d5fda18fe6154560278ae2cf237dc\">\n\t\t\t\t\t\t\t\t<img\n\t\t\t\t\ttitle=\"974\"\n\t\t\t\t\talt=\"974\"\n\t\t\t\t\tsrc=\"https:\/\/rent-sell.cl\/wp-content\/gallery\/galeria\/thumbs\/thumbs_974.jpg?t=1419026006\"\n\t\t\t\t\twidth=\"120\"\n\t\t\t\t\theight=\"90\"\n\t\t\t\t\tstyle=\"max-width:100%;\"\n\t\t\t\t\/>\n\t\t\t<\/a>\n\t\t<\/div>\n\t\t\t\t\t\t\t<\/div>\n\t\t\t\n\t\t\t\t<div id=\"ngg-image-6\" class=\"ngg-gallery-thumbnail-box\t\t\t\t\t\t\t\tngg-5-columns\"\n\t\t\t>\n\t\t\t\t\t\t<div class=\"ngg-gallery-thumbnail\">\n\t\t<a href=\"https:\/\/rent-sell.cl\/en\/wp-content\/gallery\/galeria\/986.jpg\/?t=1419026007\"\n\t\t\ttitle=\" \"\n\t\t\tdata-src=\"https:\/\/rent-sell.cl\/wp-content\/gallery\/galeria\/986.jpg?t=1419026007\"\n\t\t\tdata-thumbnail=\"https:\/\/rent-sell.cl\/wp-content\/gallery\/galeria\/thumbs\/thumbs_986.jpg?t=1419026007\"\n\t\t\tdata-image-id=\"7\"\n\t\t\tdata-image-name=\"986.jpg\"\n\t\t\tdata-title=\"986\"\n\t\t\tdata-description=\" \"\n\t\t\tdata-image-slug=\"986\"\n\t\t\t\t\t\t\t\t\t\t\t\t\t\t\t\t\t\t\t\tclass=\"ngg-fancybox\" rel=\"dd5d5fda18fe6154560278ae2cf237dc\">\n\t\t\t\t\t\t\t\t<img\n\t\t\t\t\ttitle=\"986\"\n\t\t\t\t\talt=\"986\"\n\t\t\t\t\tsrc=\"https:\/\/rent-sell.cl\/wp-content\/gallery\/galeria\/thumbs\/thumbs_986.jpg?t=1419026007\"\n\t\t\t\t\twidth=\"120\"\n\t\t\t\t\theight=\"90\"\n\t\t\t\t\tstyle=\"max-width:100%;\"\n\t\t\t\t\/>\n\t\t\t<\/a>\n\t\t<\/div>\n\t\t\t\t\t\t\t<\/div>\n\t\t\t\n\t\t\t\t<div id=\"ngg-image-7\" class=\"ngg-gallery-thumbnail-box\t\t\t\t\t\t\t\tngg-5-columns\"\n\t\t\t>\n\t\t\t\t\t\t<div class=\"ngg-gallery-thumbnail\">\n\t\t<a href=\"https:\/\/rent-sell.cl\/en\/wp-content\/gallery\/galeria\/987.jpg\/?t=1419026008\"\n\t\t\ttitle=\" \"\n\t\t\tdata-src=\"https:\/\/rent-sell.cl\/wp-content\/gallery\/galeria\/987.jpg?t=1419026008\"\n\t\t\tdata-thumbnail=\"https:\/\/rent-sell.cl\/wp-content\/gallery\/galeria\/thumbs\/thumbs_987.jpg?t=1419026008\"\n\t\t\tdata-image-id=\"8\"\n\t\t\tdata-image-name=\"987.jpg\"\n\t\t\tdata-title=\"987\"\n\t\t\tdata-description=\" \"\n\t\t\tdata-image-slug=\"987\"\n\t\t\t\t\t\t\t\t\t\t\t\t\t\t\t\t\t\t\t\tclass=\"ngg-fancybox\" rel=\"dd5d5fda18fe6154560278ae2cf237dc\">\n\t\t\t\t\t\t\t\t<img\n\t\t\t\t\ttitle=\"987\"\n\t\t\t\t\talt=\"987\"\n\t\t\t\t\tsrc=\"https:\/\/rent-sell.cl\/wp-content\/gallery\/galeria\/thumbs\/thumbs_987.jpg?t=1419026008\"\n\t\t\t\t\twidth=\"120\"\n\t\t\t\t\theight=\"90\"\n\t\t\t\t\tstyle=\"max-width:100%;\"\n\t\t\t\t\/>\n\t\t\t<\/a>\n\t\t<\/div>\n\t\t\t\t\t\t\t<\/div>\n\t\t\t\n\t\t\t\t<div id=\"ngg-image-8\" class=\"ngg-gallery-thumbnail-box\t\t\t\t\t\t\t\tngg-5-columns\"\n\t\t\t>\n\t\t\t\t\t\t<div class=\"ngg-gallery-thumbnail\">\n\t\t<a href=\"https:\/\/rent-sell.cl\/en\/wp-content\/gallery\/galeria\/20131013_164353.jpg\/?t=1419026032\"\n\t\t\ttitle=\" \"\n\t\t\tdata-src=\"https:\/\/rent-sell.cl\/wp-content\/gallery\/galeria\/20131013_164353.jpg?t=1419026032\"\n\t\t\tdata-thumbnail=\"https:\/\/rent-sell.cl\/wp-content\/gallery\/galeria\/thumbs\/thumbs_20131013_164353.jpg?t=1419026032\"\n\t\t\tdata-image-id=\"9\"\n\t\t\tdata-image-name=\"20131013_164353.jpg\"\n\t\t\tdata-title=\"20131013_164353\"\n\t\t\tdata-description=\" \"\n\t\t\tdata-image-slug=\"20131013_164353\"\n\t\t\t\t\t\t\t\t\t\t\t\t\t\t\t\t\t\t\t\tclass=\"ngg-fancybox\" rel=\"dd5d5fda18fe6154560278ae2cf237dc\">\n\t\t\t\t\t\t\t\t<img\n\t\t\t\t\ttitle=\"20131013_164353\"\n\t\t\t\t\talt=\"20131013_164353\"\n\t\t\t\t\tsrc=\"https:\/\/rent-sell.cl\/wp-content\/gallery\/galeria\/thumbs\/thumbs_20131013_164353.jpg?t=1419026032\"\n\t\t\t\t\twidth=\"120\"\n\t\t\t\t\theight=\"90\"\n\t\t\t\t\tstyle=\"max-width:100%;\"\n\t\t\t\t\/>\n\t\t\t<\/a>\n\t\t<\/div>\n\t\t\t\t\t\t\t<\/div>\n\t\t\t\n\t\t\t\t<div id=\"ngg-image-9\" class=\"ngg-gallery-thumbnail-box\t\t\t\t\t\t\t\tngg-5-columns\"\n\t\t\t>\n\t\t\t\t\t\t<div class=\"ngg-gallery-thumbnail\">\n\t\t<a href=\"https:\/\/rent-sell.cl\/en\/wp-content\/gallery\/galeria\/20131013_164508.jpg\/?t=1419026038\"\n\t\t\ttitle=\" \"\n\t\t\tdata-src=\"https:\/\/rent-sell.cl\/wp-content\/gallery\/galeria\/20131013_164508.jpg?t=1419026038\"\n\t\t\tdata-thumbnail=\"https:\/\/rent-sell.cl\/wp-content\/gallery\/galeria\/thumbs\/thumbs_20131013_164508.jpg?t=1419026038\"\n\t\t\tdata-image-id=\"10\"\n\t\t\tdata-image-name=\"20131013_164508.jpg\"\n\t\t\tdata-title=\"20131013_164508\"\n\t\t\tdata-description=\" \"\n\t\t\tdata-image-slug=\"20131013_164508\"\n\t\t\t\t\t\t\t\t\t\t\t\t\t\t\t\t\t\t\t\tclass=\"ngg-fancybox\" rel=\"dd5d5fda18fe6154560278ae2cf237dc\">\n\t\t\t\t\t\t\t\t<img\n\t\t\t\t\ttitle=\"20131013_164508\"\n\t\t\t\t\talt=\"20131013_164508\"\n\t\t\t\t\tsrc=\"https:\/\/rent-sell.cl\/wp-content\/gallery\/galeria\/thumbs\/thumbs_20131013_164508.jpg?t=1419026038\"\n\t\t\t\t\twidth=\"120\"\n\t\t\t\t\theight=\"90\"\n\t\t\t\t\tstyle=\"max-width:100%;\"\n\t\t\t\t\/>\n\t\t\t<\/a>\n\t\t<\/div>\n\t\t\t\t\t\t\t<\/div>\n\t\t\t\n\t\n\t<br style=\"clear: both\" \/>\n\n\t\n\t\t<!-- Pagination -->\n\t\t<div class='ngg-clear'><\/div>\t<\/div>\n<\/p>\n<p style=\"color: #00000#;\"><strong>Si tienes consultas, dudas o quieres m\u00e1s informaci\u00f3n puedes contactarte con nosotros<\/strong><\/p>\n<p>&nbsp;<\/p>\n<p>&nbsp;<\/p>","protected":false},"excerpt":{"rendered":"<p>REALIZAMOS TODO TIPO DE TRABAJOS DE CONSTRUCCI\u00d3N Desde las m\u00e1s simples reparaciones hasta cambiar completamente una propiedad, modernizandola con los materiales y t\u00e9cnicas actuales. Como por ejemplo: Calefacci\u00f3n central para casas y departamentos. Pisos de tablas de madera. Ba\u00f1eras tipo jacuzzi. Ventanas termopaneles y de pvc. Pinturas especiales. Portones el\u00e9ctricos. Cambios de techos. Ampliaciones. Modernizaci\u00f3n [&hellip;]<\/p>\n","protected":false},"author":1,"featured_media":0,"parent":0,"menu_order":0,"comment_status":"closed","ping_status":"closed","template":"page-fullwidth.php","meta":{"ngg_post_thumbnail":0,"footnotes":""},"class_list":["post-16","page","type-page","status-publish","hentry"],"yoast_head":"<!-- This site is optimized with the Yoast SEO plugin v26.3 - https:\/\/yoast.com\/wordpress\/plugins\/seo\/ -->\n<title>Remodelaciones - Rent-Sell<\/title>\n<meta name=\"robots\" content=\"index, follow, max-snippet:-1, max-image-preview:large, max-video-preview:-1\" \/>\n<link rel=\"canonical\" href=\"https:\/\/rent-sell.cl\/en\/remodelaciones\/\" \/>\n<meta property=\"og:locale\" content=\"en_US\" \/>\n<meta property=\"og:type\" content=\"article\" \/>\n<meta property=\"og:title\" content=\"Remodelaciones - Rent-Sell\" \/>\n<meta property=\"og:description\" content=\"REALIZAMOS TODO TIPO DE TRABAJOS DE CONSTRUCCI\u00d3N Desde las m\u00e1s simples reparaciones hasta cambiar completamente una propiedad, modernizandola con los materiales y t\u00e9cnicas actuales. Como por ejemplo: Calefacci\u00f3n central para casas y departamentos. Pisos de tablas de madera. Ba\u00f1eras tipo jacuzzi. Ventanas termopaneles y de pvc. Pinturas especiales. Portones el\u00e9ctricos. Cambios de techos. Ampliaciones. Modernizaci\u00f3n [&hellip;]\" \/>\n<meta property=\"og:url\" content=\"https:\/\/rent-sell.cl\/en\/remodelaciones\/\" \/>\n<meta property=\"og:site_name\" content=\"Rent-Sell\" \/>\n<meta property=\"article:modified_time\" content=\"2021-06-17T14:05:09+00:00\" \/>\n<meta property=\"og:image\" content=\"http:\/\/rent-sell.cl\/nextgen-attach_to_post\/preview\/id--149\" \/>\n<meta name=\"twitter:card\" content=\"summary_large_image\" \/>\n<script type=\"application\/ld+json\" class=\"yoast-schema-graph\">{\"@context\":\"https:\/\/schema.org\",\"@graph\":[{\"@type\":\"WebPage\",\"@id\":\"https:\/\/rent-sell.cl\/remodelaciones\/\",\"url\":\"https:\/\/rent-sell.cl\/remodelaciones\/\",\"name\":\"Remodelaciones - Rent-Sell\",\"isPartOf\":{\"@id\":\"https:\/\/rent-sell.cl\/#website\"},\"primaryImageOfPage\":{\"@id\":\"https:\/\/rent-sell.cl\/remodelaciones\/#primaryimage\"},\"image\":{\"@id\":\"https:\/\/rent-sell.cl\/remodelaciones\/#primaryimage\"},\"thumbnailUrl\":\"http:\/\/rent-sell.cl\/nextgen-attach_to_post\/preview\/id--149\",\"datePublished\":\"2014-12-19T17:57:23+00:00\",\"dateModified\":\"2021-06-17T14:05:09+00:00\",\"breadcrumb\":{\"@id\":\"https:\/\/rent-sell.cl\/remodelaciones\/#breadcrumb\"},\"inLanguage\":\"en-US\",\"potentialAction\":[{\"@type\":\"ReadAction\",\"target\":[\"https:\/\/rent-sell.cl\/remodelaciones\/\"]}]},{\"@type\":\"ImageObject\",\"inLanguage\":\"en-US\",\"@id\":\"https:\/\/rent-sell.cl\/remodelaciones\/#primaryimage\",\"url\":\"http:\/\/rent-sell.cl\/nextgen-attach_to_post\/preview\/id--149\",\"contentUrl\":\"http:\/\/rent-sell.cl\/nextgen-attach_to_post\/preview\/id--149\"},{\"@type\":\"BreadcrumbList\",\"@id\":\"https:\/\/rent-sell.cl\/remodelaciones\/#breadcrumb\",\"itemListElement\":[{\"@type\":\"ListItem\",\"position\":1,\"name\":\"Portada\",\"item\":\"https:\/\/rent-sell.cl\/\"},{\"@type\":\"ListItem\",\"position\":2,\"name\":\"Remodelaciones\"}]},{\"@type\":\"WebSite\",\"@id\":\"https:\/\/rent-sell.cl\/#website\",\"url\":\"https:\/\/rent-sell.cl\/\",\"name\":\"Rent-Sell\",\"description\":\"Corredora de Propiedades\",\"publisher\":{\"@id\":\"https:\/\/rent-sell.cl\/#organization\"},\"potentialAction\":[{\"@type\":\"SearchAction\",\"target\":{\"@type\":\"EntryPoint\",\"urlTemplate\":\"https:\/\/rent-sell.cl\/?s={search_term_string}\"},\"query-input\":{\"@type\":\"PropertyValueSpecification\",\"valueRequired\":true,\"valueName\":\"search_term_string\"}}],\"inLanguage\":\"en-US\"},{\"@type\":\"Organization\",\"@id\":\"https:\/\/rent-sell.cl\/#organization\",\"name\":\"Rent-Sell\",\"url\":\"https:\/\/rent-sell.cl\/\",\"logo\":{\"@type\":\"ImageObject\",\"inLanguage\":\"en-US\",\"@id\":\"https:\/\/rent-sell.cl\/#\/schema\/logo\/image\/\",\"url\":\"https:\/\/rent-sell.cl\/wp-content\/uploads\/2014\/12\/cropped-logo_redonde.png\",\"contentUrl\":\"https:\/\/rent-sell.cl\/wp-content\/uploads\/2014\/12\/cropped-logo_redonde.png\",\"width\":212,\"height\":184,\"caption\":\"Rent-Sell\"},\"image\":{\"@id\":\"https:\/\/rent-sell.cl\/#\/schema\/logo\/image\/\"}}]}<\/script>\n<!-- \/ Yoast SEO plugin. -->","yoast_head_json":{"title":"Remodelaciones - Rent-Sell","robots":{"index":"index","follow":"follow","max-snippet":"max-snippet:-1","max-image-preview":"max-image-preview:large","max-video-preview":"max-video-preview:-1"},"canonical":"https:\/\/rent-sell.cl\/en\/remodelaciones\/","og_locale":"en_US","og_type":"article","og_title":"Remodelaciones - Rent-Sell","og_description":"REALIZAMOS TODO TIPO DE TRABAJOS DE CONSTRUCCI\u00d3N Desde las m\u00e1s simples reparaciones hasta cambiar completamente una propiedad, modernizandola con los materiales y t\u00e9cnicas actuales. Como por ejemplo: Calefacci\u00f3n central para casas y departamentos. Pisos de tablas de madera. Ba\u00f1eras tipo jacuzzi. Ventanas termopaneles y de pvc. Pinturas especiales. Portones el\u00e9ctricos. Cambios de techos. Ampliaciones. Modernizaci\u00f3n [&hellip;]","og_url":"https:\/\/rent-sell.cl\/en\/remodelaciones\/","og_site_name":"Rent-Sell","article_modified_time":"2021-06-17T14:05:09+00:00","og_image":[{"url":"http:\/\/rent-sell.cl\/nextgen-attach_to_post\/preview\/id--149","type":"","width":"","height":""}],"twitter_card":"summary_large_image","schema":{"@context":"https:\/\/schema.org","@graph":[{"@type":"WebPage","@id":"https:\/\/rent-sell.cl\/remodelaciones\/","url":"https:\/\/rent-sell.cl\/remodelaciones\/","name":"Remodelaciones - Rent-Sell","isPartOf":{"@id":"https:\/\/rent-sell.cl\/#website"},"primaryImageOfPage":{"@id":"https:\/\/rent-sell.cl\/remodelaciones\/#primaryimage"},"image":{"@id":"https:\/\/rent-sell.cl\/remodelaciones\/#primaryimage"},"thumbnailUrl":"http:\/\/rent-sell.cl\/nextgen-attach_to_post\/preview\/id--149","datePublished":"2014-12-19T17:57:23+00:00","dateModified":"2021-06-17T14:05:09+00:00","breadcrumb":{"@id":"https:\/\/rent-sell.cl\/remodelaciones\/#breadcrumb"},"inLanguage":"en-US","potentialAction":[{"@type":"ReadAction","target":["https:\/\/rent-sell.cl\/remodelaciones\/"]}]},{"@type":"ImageObject","inLanguage":"en-US","@id":"https:\/\/rent-sell.cl\/remodelaciones\/#primaryimage","url":"http:\/\/rent-sell.cl\/nextgen-attach_to_post\/preview\/id--149","contentUrl":"http:\/\/rent-sell.cl\/nextgen-attach_to_post\/preview\/id--149"},{"@type":"BreadcrumbList","@id":"https:\/\/rent-sell.cl\/remodelaciones\/#breadcrumb","itemListElement":[{"@type":"ListItem","position":1,"name":"Portada","item":"https:\/\/rent-sell.cl\/"},{"@type":"ListItem","position":2,"name":"Remodelaciones"}]},{"@type":"WebSite","@id":"https:\/\/rent-sell.cl\/#website","url":"https:\/\/rent-sell.cl\/","name":"Rent-Sell","description":"Corredora de Propiedades","publisher":{"@id":"https:\/\/rent-sell.cl\/#organization"},"potentialAction":[{"@type":"SearchAction","target":{"@type":"EntryPoint","urlTemplate":"https:\/\/rent-sell.cl\/?s={search_term_string}"},"query-input":{"@type":"PropertyValueSpecification","valueRequired":true,"valueName":"search_term_string"}}],"inLanguage":"en-US"},{"@type":"Organization","@id":"https:\/\/rent-sell.cl\/#organization","name":"Rent-Sell","url":"https:\/\/rent-sell.cl\/","logo":{"@type":"ImageObject","inLanguage":"en-US","@id":"https:\/\/rent-sell.cl\/#\/schema\/logo\/image\/","url":"https:\/\/rent-sell.cl\/wp-content\/uploads\/2014\/12\/cropped-logo_redonde.png","contentUrl":"https:\/\/rent-sell.cl\/wp-content\/uploads\/2014\/12\/cropped-logo_redonde.png","width":212,"height":184,"caption":"Rent-Sell"},"image":{"@id":"https:\/\/rent-sell.cl\/#\/schema\/logo\/image\/"}}]}},"_links":{"self":[{"href":"https:\/\/rent-sell.cl\/en\/wp-json\/wp\/v2\/pages\/16","targetHints":{"allow":["GET"]}}],"collection":[{"href":"https:\/\/rent-sell.cl\/en\/wp-json\/wp\/v2\/pages"}],"about":[{"href":"https:\/\/rent-sell.cl\/en\/wp-json\/wp\/v2\/types\/page"}],"author":[{"embeddable":true,"href":"https:\/\/rent-sell.cl\/en\/wp-json\/wp\/v2\/users\/1"}],"replies":[{"embeddable":true,"href":"https:\/\/rent-sell.cl\/en\/wp-json\/wp\/v2\/comments?post=16"}],"version-history":[{"count":11,"href":"https:\/\/rent-sell.cl\/en\/wp-json\/wp\/v2\/pages\/16\/revisions"}],"predecessor-version":[{"id":4243,"href":"https:\/\/rent-sell.cl\/en\/wp-json\/wp\/v2\/pages\/16\/revisions\/4243"}],"wp:attachment":[{"href":"https:\/\/rent-sell.cl\/en\/wp-json\/wp\/v2\/media?parent=16"}],"curies":[{"name":"wp","href":"https:\/\/api.w.org\/{rel}","templated":true}]}}